{"id":626,"date":"2018-08-05T01:40:00","date_gmt":"2018-08-04T23:40:00","guid":{"rendered":"http:\/\/detig.synology.me\/wordpress\/?page_id=626"},"modified":"2023-01-20T21:48:10","modified_gmt":"2023-01-20T20:48:10","slug":"detig-gaestebuch","status":"publish","type":"page","link":"https:\/\/detig.myds.me\/wordpress\/detig-gaestebuch\/","title":{"rendered":"DeTiG G\u00e4stebuch"},"content":{"rendered":"<div class=\"gwolle-gb\"><div class=\"gwolle-gb-messages-top-container\"><\/div>\n\t\t\t<div class=\"gwolle-gb-write-button\">\n\t\t\t\t<input type=\"button\" name=\"gwolle-gb-write-button\" class=\"button btn btn-default \" value=\"Neuen Eintrag schreiben\" aria-expanded=\"false\" \/>\n\t\t\t<\/div>\n\t\t\t<form action=\"#\" method=\"POST\" class=\"gwolle-gb-write gwolle-gb-hide gwolle-gb-float gwolle-gb-form-ajax gwolle-gb-ajax gwolle-gb-not-logged-in\">\n\t\t\t\t<h3>Einen neuen Eintrag f\u00fcr das G\u00e4stebuch schreiben<\/h3>\n\t\t\t\t<button type=\"button\" class=\"gb-notice-dismiss\">x<span class=\"screen-reader-text\">Dieses Formular ausblenden<\/span><\/button>\n\t\t\t\n\t\t\t\t<input type=\"hidden\" name=\"gwolle_gb_function\" class=\"gwolle_gb_function\" value=\"add_entry\" \/><input type=\"hidden\" name=\"gwolle_gb_book_id\" class=\"gwolle_gb_book_id\" value=\"1\" \/><div class=\"gwolle_gb_040b1738544c0b7da368cb9155cc64d9\">\n\t\t\t\t<div class=\"label\"><label for=\"gwolle_gb_040b1738544c0b7da368cb9155cc64d9-1\" class=\"text-info\">Name <span class=\"required\">*<\/span><\/label><\/div>\n\t\t\t\t<div class=\"input\"><input class=\"wp-exclude-emoji gwolle_gb_040b1738544c0b7da368cb9155cc64d9\" value=\"\" type=\"text\" id=\"gwolle_gb_040b1738544c0b7da368cb9155cc64d9-1\" name=\"gwolle_gb_040b1738544c0b7da368cb9155cc64d9\" required \/><\/div>\n\t\t\t\t<div class=\"clearBoth\">&nbsp;<\/div>\n\t\t\t<\/div><div class=\"gwolle_gb_2a40b61d60ed0b51d7bbd6a95cfac354\">\n\t\t\t\t\t<div class=\"label\"><label for=\"gwolle_gb_2a40b61d60ed0b51d7bbd6a95cfac354-1\" class=\"text-info\">Stadt<\/label><\/div>\n\t\t\t\t\t<div class=\"input\"><input class=\"wp-exclude-emoji gwolle_gb_2a40b61d60ed0b51d7bbd6a95cfac354\" value=\"\" type=\"text\" id=\"gwolle_gb_2a40b61d60ed0b51d7bbd6a95cfac354-1\" name=\"gwolle_gb_2a40b61d60ed0b51d7bbd6a95cfac354\" \/><\/div>\n\t\t\t\t\t<div class=\"clearBoth\">&nbsp;<\/div>\n\t\t\t\t<\/div><div class=\"gwolle_gb_90d01f90b996b3d9c44843e552c78312\">\n\t\t\t\t<div class=\"label\"><label for=\"gwolle_gb_90d01f90b996b3d9c44843e552c78312-1\" class=\"text-info\">E-Mail <span class=\"required\">*<\/span><\/label><\/div>\n\t\t\t\t<div class=\"input\"><input class=\"gwolle_gb_90d01f90b996b3d9c44843e552c78312\" value=\"\" type=\"email\" id=\"gwolle_gb_90d01f90b996b3d9c44843e552c78312-1\" name=\"gwolle_gb_90d01f90b996b3d9c44843e552c78312\" required \/><\/div>\n\t\t\t\t<div class=\"clearBoth\">&nbsp;<\/div>\n\t\t\t<\/div><div class=\"gwolle_gb_61e671a517d5ec5b183d4f4e6869b49a\">\n\t\t\t\t<div class=\"label\"><label for=\"gwolle_gb_61e671a517d5ec5b183d4f4e6869b49a-1\" class=\"text-info\">Website<\/label><\/div>\n\t\t\t\t<div class=\"input\"><input class=\"gwolle_gb_61e671a517d5ec5b183d4f4e6869b49a\" value=\"\" type=\"url\" id=\"gwolle_gb_61e671a517d5ec5b183d4f4e6869b49a-1\" name=\"gwolle_gb_61e671a517d5ec5b183d4f4e6869b49a\" \/><\/div>\n\t\t\t\t<div class=\"clearBoth\">&nbsp;<\/div>\n\t\t\t<\/div>\n\t\t\t<div class=\"gwolle_gb_6e4408e8be636b0fc7b91ea7919141fe\" style=\"display:none;overflow:hidden;\" hidden=\"true\" aria-hidden=\"true\">\n\t\t\t\t<div class=\"label\">\n\t\t\t\t\t<label for=\"gwolle_gb_6e4408e8be636b0fc7b91ea7919141fe-1\" class=\"text-primary\">Hier nichts eingeben<\/label>\n\t\t\t\t\t<label for=\"gwolle_gb_dee397213a0ab02f117beceaa6a193b0-1\" class=\"text-primary\">Hier nichts eingeben<\/label>\n\t\t\t\t<\/div>\n\t\t\t\t<div class=\"input\">\n\t\t\t\t\t<input value=\"68\" type=\"text\" id=\"gwolle_gb_6e4408e8be636b0fc7b91ea7919141fe-1\" name=\"gwolle_gb_6e4408e8be636b0fc7b91ea7919141fe\" class=\"gwolle_gb_6e4408e8be636b0fc7b91ea7919141fe\" style=\"transform: translateY(10000px);\" \/>\n\t\t\t\t\t<input value=\"\" type=\"text\" name=\"gwolle_gb_dee397213a0ab02f117beceaa6a193b0\" id=\"gwolle_gb_dee397213a0ab02f117beceaa6a193b0-1\" class=\"gwolle_gb_dee397213a0ab02f117beceaa6a193b0\" style=\"transform: translateY(10000px);\" \/>\n\t\t\t\t<\/div>\n\t\t\t\t<div class=\"clearBoth\"><\/div>\n\t\t\t<\/div>\n\t\t\t<div class=\"gwolle_gb_a92a8f66ecc2790d9c10c2abf78974bf\" style=\"display:none;overflow:hidden;\" hidden=\"true\" aria-hidden=\"true\">\n\t\t\t\t<div class=\"label\">\n\t\t\t\t\t<label for=\"gwolle_gb_a92a8f66ecc2790d9c10c2abf78974bf-1\" class=\"text-primary\">Hier nichts eingeben<\/label>\n\t\t\t\t\t<label for=\"gwolle_gb_0a99cbe0ed38887b7e7f7205d26388a0-1\" class=\"text-primary\">Hier nichts eingeben<\/label>\n\t\t\t\t<\/div>\n\t\t\t\t<div class=\"input\">\n\t\t\t\t\t<input value=\"70079\" type=\"text\" id=\"gwolle_gb_a92a8f66ecc2790d9c10c2abf78974bf-1\" name=\"gwolle_gb_a92a8f66ecc2790d9c10c2abf78974bf\" class=\"gwolle_gb_a92a8f66ecc2790d9c10c2abf78974bf\" style=\"transform: translateY(10000px);\" \/>\n\t\t\t\t\t<input value=\"70079\" type=\"text\"id=\"gwolle_gb_0a99cbe0ed38887b7e7f7205d26388a0-1\" name=\"gwolle_gb_0a99cbe0ed38887b7e7f7205d26388a0\" class=\"gwolle_gb_0a99cbe0ed38887b7e7f7205d26388a0\" style=\"transform: translateY(10000px);\" \/>\n\t\t\t\t<\/div>\n\t\t\t\t<div class=\"clearBoth\"><\/div>\n\t\t\t<\/div><div class=\"gwolle_gb_content\">\n\t\t\t\t<div class=\"label\"><label for=\"gwolle_gb_content-1\" class=\"text-info\">G\u00e4stebucheintrag <span class=\"required\">*<\/span><\/label><\/div>\n\t\t\t\t<div class=\"input\"><textarea id=\"gwolle_gb_content-1\" name=\"gwolle_gb_content\" class=\"gwolle_gb_content wp-exclude-emoji\" required ><\/textarea><\/div>\n\t\t\t\t\t<div class=\"clearBoth\">&nbsp;<\/div>\n\t\t\t\t<\/div><input type=\"hidden\" class=\"gwolle_gb_8f324fd5edea8ee3553250ef59375648\" id=\"gwolle_gb_8f324fd5edea8ee3553250ef59375648-1\" name=\"gwolle_gb_8f324fd5edea8ee3553250ef59375648\" value=\"f1069bd401\" \/>\n\t\t\t<div class=\"gwolle-gb-messages-bottom-container\"><\/div>\n\n\t\t\t<noscript><div class=\"no-js\">Warnung: Dieses Formular kann nur verwendet werden, wenn in deinem Browser JavaScript aktiviert ist.<\/div><\/noscript>\n\n\t\t\t<div class=\"gwolle_gb_submit gwolle-gb-submit\">\n\t\t\t\t<div class=\"label gwolle-gb-invisible text-muted\">&nbsp;<\/div>\n\t\t\t\t<div class=\"input\">\n\t\t\t\t\t<input type=\"submit\" name=\"gwolle_gb_submit\" class=\"gwolle_gb_submit button btn btn-primary \" value=\"Absenden\" \/>\n\t\t\t\t\t<span class=\"gwolle_gb_submit_ajax_icon gwolle-gb-submit-ajax-icon\"><\/span>\n\t\t\t\n\t\t\t\t<\/div>\n\t\t\t\t<div class=\"clearBoth\">&nbsp;<\/div>\n\t\t\t<\/div>\n\n\t\t\t<div class=\"gwolle_gb_notice gwolle-gb-notice\">\n\t\t\t\t<br \/>\nMit * gekennzeichnete Felder sind erforderlich.<br \/>\nDeine E-Mail-Adresse wird nicht ver\u00f6ffentlicht.<br \/>\nEs ist m\u00f6glich, dass dein Eintrag im G\u00e4stebuch erst sichtbar ist, nachdem wir ihn \u00fcberpr\u00fcft haben.<br \/>\nWir behalten uns vor, Eintr\u00e4ge zu bearbeiten, zu l\u00f6schen oder nicht zu ver\u00f6ffentlichen.<br \/>\n\n\t\t\t<\/div><\/form><div class=\"gwolle-gb-read gwolle-gb-ajax gwolle-gb-entries-list\" data-book_id=\"1\" data-page_id=\"1\">\n\t\t<div id=\"gwolle-gb-total\" class=\"gwolle-gb-total\">1 Eintrag<\/div><!-- Gwolle-GB Entry: Default Template Loaded -->\n\t\t\t\t<div class=\"gb-entry gb-entry_3 gb-entry-count_1 gwolle-gb-uneven gwolle-gb-first\" id=\"gb-entry_3\" data-entry_id=\"3\">\n\t\t\t\t<article>\n\t\t\t\t\t<div class=\"gb-author-info\">\n\t\t\t\t\t\t<span class=\"gb-author-avatar\"><img referrerpolicy=\"no-referrer\" alt='DeTiG' src='https:\/\/secure.gravatar.com\/avatar\/bbbb080bfe5d3af301e2e6f9511e7005a5f77783a7ca116d08225dd56a6da71e?s=32&#038;d=mm&#038;r=r' srcset='https:\/\/secure.gravatar.com\/avatar\/bbbb080bfe5d3af301e2e6f9511e7005a5f77783a7ca116d08225dd56a6da71e?s=64&#038;d=mm&#038;r=r 2x' class='avatar avatar-32 photo' height='32' width='32' \/><\/span>\n\t\t\t\t\t\t<span class=\"gb-author-name\"><a href=\"http:\/\/www.detig.de\" target=\"_blank\" rel=\"nofollow noopener noreferrer\"\n\t\t\t\t\t\t\ttitle=\"Besuche die Website von DeTiG: http:\/\/www.detig.de\">DeTiG<\/a>\n\t\t\t\t\t\t<\/span>\n\t\t\t\t\t\t<span class=\"gb-datetime\">\n\t\t\t\t\t\t\t<span class=\"gb-date\"><span class=\"gb-date-wrote-text\"> schrieb am<\/span><span class=\"gb-date-text\"> 05.08.2018<\/span>\n\t\t\t\t\t\t\t<\/span><span class=\"gb-time\">\n\t\t\t\t\t\t\t\t\t<span class=\"gb-time-at-text\"> um<\/span>\n\t\t\t\t\t\t\t\t\t<span class=\"gb-time-text\"> 1:54<\/span>\n\t\t\t\t\t\t\t\t<\/span>\n\t\t\t\t\t\t<\/span> \n\t\t\t\t\t<\/div>\n\t\t\t\t\t<div class=\"gb-entry-content\">Der erste Eintrag. Damit hier etwas steht.\n\t\t\t\t\t<\/div>\n\t\t\t\t<\/article>\n\t\t\t<\/div>\n\t\t\t<\/div><\/div>\n","protected":false},"excerpt":{"rendered":"","protected":false},"author":1,"featured_media":0,"parent":0,"menu_order":0,"comment_status":"closed","ping_status":"closed","template":"","meta":{"footnotes":""},"class_list":["post-626","page","type-page","status-publish"],"jetpack_sharing_enabled":true,"_links":{"self":[{"href":"https:\/\/detig.myds.me\/wordpress\/wp-json\/wp\/v2\/pages\/626","targetHints":{"allow":["GET"]}}],"collection":[{"href":"https:\/\/detig.myds.me\/wordpress\/wp-json\/wp\/v2\/pages"}],"about":[{"href":"https:\/\/detig.myds.me\/wordpress\/wp-json\/wp\/v2\/types\/page"}],"author":[{"embeddable":true,"href":"https:\/\/detig.myds.me\/wordpress\/wp-json\/wp\/v2\/users\/1"}],"replies":[{"embeddable":true,"href":"https:\/\/detig.myds.me\/wordpress\/wp-json\/wp\/v2\/comments?post=626"}],"version-history":[{"count":1,"href":"https:\/\/detig.myds.me\/wordpress\/wp-json\/wp\/v2\/pages\/626\/revisions"}],"predecessor-version":[{"id":2104,"href":"https:\/\/detig.myds.me\/wordpress\/wp-json\/wp\/v2\/pages\/626\/revisions\/2104"}],"wp:attachment":[{"href":"https:\/\/detig.myds.me\/wordpress\/wp-json\/wp\/v2\/media?parent=626"}],"curies":[{"name":"wp","href":"https:\/\/api.w.org\/{rel}","templated":true}]}}